{"id":62,"date":"2022-02-13T13:18:12","date_gmt":"2022-02-13T11:18:12","guid":{"rendered":"https:\/\/kaupunkisuunnitteluaktivismi.fi\/?page_id=62"},"modified":"2022-02-17T15:33:48","modified_gmt":"2022-02-17T13:33:48","slug":"home","status":"publish","type":"page","link":"https:\/\/kaupunkisuunnitteluaktivismi.fi\/","title":{"rendered":"Etusivu"},"content":{"rendered":"\n<div class=\"wp-block-cover alignfull is-light\" style=\"min-height:100vh;aspect-ratio:unset;\"><span aria-hidden=\"true\" class=\"has-nv-site-bg-background-color wp-block-cover__gradient-background has-background-dim\"><\/span><img loading=\"lazy\" decoding=\"async\" width=\"2560\" height=\"1920\" class=\"wp-block-cover__image-background wp-image-8\" alt=\"\" src=\"https:\/\/kaupunkisuunnitteluaktivismi.fi\/wp-content\/uploads\/2021\/12\/IMG_2227-scaled.jpg\" style=\"object-position:50% 64%\" data-object-fit=\"cover\" data-object-position=\"50% 64%\" srcset=\"https:\/\/kaupunkisuunnitteluaktivismi.fi\/wp-content\/uploads\/2021\/12\/IMG_2227-scaled.jpg 2560w, https:\/\/kaupunkisuunnitteluaktivismi.fi\/wp-content\/uploads\/2021\/12\/IMG_2227-300x225.jpg 300w, https:\/\/kaupunkisuunnitteluaktivismi.fi\/wp-content\/uploads\/2021\/12\/IMG_2227-1024x768.jpg 1024w, https:\/\/kaupunkisuunnitteluaktivismi.fi\/wp-content\/uploads\/2021\/12\/IMG_2227-768x576.jpg 768w, https:\/\/kaupunkisuunnitteluaktivismi.fi\/wp-content\/uploads\/2021\/12\/IMG_2227-1536x1152.jpg 1536w, https:\/\/kaupunkisuunnitteluaktivismi.fi\/wp-content\/uploads\/2021\/12\/IMG_2227-2048x1536.jpg 2048w\" sizes=\"auto, (max-width: 2560px) 100vw, 2560px\" \/><div class=\"wp-block-cover__inner-container is-layout-flow wp-block-cover-is-layout-flow\">\n<div style=\"height:80px\" aria-hidden=\"true\" class=\"wp-block-spacer\"><\/div>\n\n\n\n<h1 class=\"has-text-align-center has-text-color wp-block-heading\" id=\"miten-paikassa-oleva-osallisuus-voisi-olla-kaupunkikehittamisen-lahtokohta\" style=\"color:#121212\">Miten paikassa oleva osallisuus voisi olla kaupunkikehitt\u00e4misen l\u00e4ht\u00f6kohta?<\/h1>\n\n\n\n<p class=\"has-text-align-center has-text-color\" style=\"color:#121212;font-size:17px\"><\/p>\n\n\n\n<div class=\"wp-block-buttons is-horizontal is-content-justification-center is-layout-flex wp-container-core-buttons-is-layout-499968f5 wp-block-buttons-is-layout-flex\"><\/div>\n\n\n\n<div style=\"height:80px\" aria-hidden=\"true\" class=\"wp-block-spacer\"><\/div>\n\n\n\n<div style=\"height:80px\" aria-hidden=\"true\" class=\"wp-block-spacer\"><\/div>\n<\/div><\/div>\n\n\n\n<div style=\"height:80px\" aria-hidden=\"true\" class=\"wp-block-spacer\"><\/div>\n\n\n\n<div class=\"wp-block-columns is-layout-flex wp-container-core-columns-is-layout-9d6595d7 wp-block-columns-is-layout-flex\">\n<div class=\"wp-block-column is-layout-flow wp-block-column-is-layout-flow\">\n<div class=\"wp-block-image icon-style is-style-rounded\"><figure class=\"aligncenter size-large\"><img decoding=\"async\" src=\"https:\/\/api.themeisle.com\/templates-data\/2020\/11\/ebf0233ced7259cf0838b7ba6d3aee07cwhkd9lki581rusuhjti\/images\/neve-webdesign-GB-03.png\" alt=\"\" class=\"wp-image-20\" title=\"\"\/><\/figure><\/div>\n\n\n\n<h3 class=\"has-text-align-center has-neve-text-color-color has-text-color wp-block-heading\" id=\"tutkimme-ja-kehitamme\">Tutkimme ja kehit\u00e4mme<\/h3>\n\n\n\n<p class=\"has-text-align-center\">Case Kontulan ostari on kokeiluhanke, jossa kehitimme keinoja tavoittaa ja osallistaa ostarin erikielisi\u00e4 yritt\u00e4ji\u00e4 ostarin kehitt\u00e4miseen.<\/p>\n\n\n\n<div style=\"height:20px\" aria-hidden=\"true\" class=\"wp-block-spacer\"><\/div>\n<\/div>\n\n\n\n<div class=\"wp-block-column is-layout-flow wp-block-column-is-layout-flow\">\n<div class=\"wp-block-image icon-style is-style-rounded\"><figure class=\"aligncenter size-large\"><img decoding=\"async\" src=\"https:\/\/api.themeisle.com\/templates-data\/2020\/11\/ebf0233ced7259cf0838b7ba6d3aee07cwhkd9lki581rusuhjti\/images\/neve-webdesign-GB-04.png\" alt=\"\" class=\"wp-image-21\"\/><\/figure><\/div>\n\n\n\n<h3 class=\"has-text-align-center has-neve-text-color-color has-text-color wp-block-heading\" id=\"rakennamme-siltaa\">Rakennamme siltaa<\/h3>\n\n\n\n<p class=\"has-text-align-center\">Luomme yhteyksi\u00e4 paikallisten toimijoiden ja kaupunkisuunnittelun v\u00e4lille. Toimimme sillanrakentajina.<\/p>\n\n\n\n<div style=\"height:20px\" aria-hidden=\"true\" class=\"wp-block-spacer\"><\/div>\n<\/div>\n\n\n\n<div class=\"wp-block-column is-layout-flow wp-block-column-is-layout-flow\">\n<div class=\"wp-block-image icon-style is-style-rounded\"><figure class=\"aligncenter size-large\"><img decoding=\"async\" src=\"https:\/\/api.themeisle.com\/templates-data\/2020\/11\/ebf0233ced7259cf0838b7ba6d3aee07cwhkd9lki581rusuhjti\/images\/neve-webdesign-GB-01.png\" alt=\"\" class=\"wp-image-18\"\/><\/figure><\/div>\n\n\n\n<h3 class=\"has-text-align-center has-neve-text-color-color has-text-color wp-block-heading\" id=\"otamme-kantaa\">Otamme kantaa<\/h3>\n\n\n\n<p class=\"has-text-align-center\">Vaikutamme yhteiskunnallisesti ottamalla kantaa kansallisiin ja paikallisiin osallisuutta koskettaviin linjauksiin ja s\u00e4\u00e4ntelyyn.<\/p>\n\n\n\n<div style=\"height:20px\" aria-hidden=\"true\" class=\"wp-block-spacer\"><\/div>\n<\/div>\n<\/div>\n\n\n\n<div style=\"height:80px\" aria-hidden=\"true\" class=\"wp-block-spacer\"><\/div>\n\n\n\n<div class=\"wp-block-cover alignfull\" style=\"min-height:600px;aspect-ratio:unset;\"><span aria-hidden=\"true\" class=\"has-nv-light-bg-background-color has-background-dim-100 wp-block-cover__gradient-background has-background-dim\"><\/span><div class=\"wp-block-cover__inner-container is-layout-flow wp-block-cover-is-layout-flow\">\n<div class=\"wp-block-group\"><div class=\"wp-block-group__inner-container is-layout-flow wp-block-group-is-layout-flow\">\n<div style=\"height:80px\" aria-hidden=\"true\" class=\"wp-block-spacer\"><\/div>\n\n\n\n<div class=\"wp-block-columns are-vertically-aligned-center is-layout-flex wp-container-core-columns-is-layout-9d6595d7 wp-block-columns-is-layout-flex\">\n<div class=\"wp-block-column is-vertically-aligned-center is-layout-flow wp-block-column-is-layout-flow\" style=\"flex-basis:50%\">\n<figure class=\"wp-block-image size-large\"><img loading=\"lazy\" decoding=\"async\" width=\"2557\" height=\"2560\" src=\"https:\/\/kaupunkisuunnitteluaktivismi.fi\/wp-content\/uploads\/2022\/02\/IMG_3791-kopio-edited-scaled.jpg\" alt=\"\" class=\"wp-image-68\" srcset=\"https:\/\/kaupunkisuunnitteluaktivismi.fi\/wp-content\/uploads\/2022\/02\/IMG_3791-kopio-edited-scaled.jpg 2557w, https:\/\/kaupunkisuunnitteluaktivismi.fi\/wp-content\/uploads\/2022\/02\/IMG_3791-kopio-edited-300x300.jpg 300w, https:\/\/kaupunkisuunnitteluaktivismi.fi\/wp-content\/uploads\/2022\/02\/IMG_3791-kopio-edited-1024x1024.jpg 1024w, https:\/\/kaupunkisuunnitteluaktivismi.fi\/wp-content\/uploads\/2022\/02\/IMG_3791-kopio-edited-150x150.jpg 150w, https:\/\/kaupunkisuunnitteluaktivismi.fi\/wp-content\/uploads\/2022\/02\/IMG_3791-kopio-edited-768x769.jpg 768w, https:\/\/kaupunkisuunnitteluaktivismi.fi\/wp-content\/uploads\/2022\/02\/IMG_3791-kopio-edited-1534x1536.jpg 1534w, https:\/\/kaupunkisuunnitteluaktivismi.fi\/wp-content\/uploads\/2022\/02\/IMG_3791-kopio-edited-2045x2048.jpg 2045w\" sizes=\"auto, (max-width: 2557px) 100vw, 2557px\" \/><\/figure>\n<\/div>\n\n\n\n<div class=\"wp-block-column is-vertically-aligned-center is-layout-flow wp-block-column-is-layout-flow\" style=\"flex-basis:50%\">\n<div style=\"height:20px\" aria-hidden=\"true\" class=\"wp-block-spacer\"><\/div>\n\n\n\n<h2 class=\"has-text-align-left has-neve-text-color-color has-text-color wp-block-heading\" id=\"case-kontulan-ostari\">Case Kontulan ostari<\/h2>\n\n\n\n<p class=\"has-text-align-left has-neve-text-color-color has-text-color\" style=\"font-size:17px\">SitraLabin Demokratian kapeikot -ohjelmassa syvennyimme Kontulan ostarin kehitt\u00e4miseen paikallisten vieraskielisten yritt\u00e4jien n\u00e4k\u00f6kulmasta.<\/p>\n\n\n\n<div class=\"wp-block-buttons is-horizontal is-content-justification-left is-layout-flex wp-container-core-buttons-is-layout-7e5fce0a wp-block-buttons-is-layout-flex\">\n<div class=\"wp-block-button is-style-primary\"><a class=\"wp-block-button__link\" href=\"https:\/\/kaupunkisuunnitteluaktivismi.fi\/?page_id=10\">Lue lis\u00e4\u00e4<\/a><\/div>\n<\/div>\n<\/div>\n<\/div>\n\n\n\n<div style=\"height:40px\" aria-hidden=\"true\" class=\"wp-block-spacer\"><\/div>\n<\/div><\/div>\n<\/div><\/div>\n\n\n\n<div class=\"wp-block-cover alignfull\" style=\"min-height:300px;aspect-ratio:unset;\"><span aria-hidden=\"true\" class=\"has-nv-dark-bg-background-color has-background-dim-100 wp-block-cover__gradient-background has-background-dim\"><\/span><div class=\"wp-block-cover__inner-container is-layout-flow wp-block-cover-is-layout-flow\">\n<div style=\"height:140px\" aria-hidden=\"true\" class=\"wp-block-spacer\"><\/div>\n\n\n\n<h2 class=\"has-text-align-center has-nv-text-dark-bg-color has-text-color wp-block-heading\" id=\"kiinnostuitko-yhteistyosta\">Kiinnostuitko yhteisty\u00f6st\u00e4?<\/h2>\n\n\n\n<p class=\"has-text-align-center\">Ota yhteytt\u00e4 tiimiimme ja kysy lis\u00e4tietoja.<\/p>\n\n\n\n<div class=\"wp-block-buttons is-horizontal is-content-justification-center is-layout-flex wp-container-core-buttons-is-layout-499968f5 wp-block-buttons-is-layout-flex\">\n<div class=\"wp-block-button is-style-primary\"><a class=\"wp-block-button__link\" href=\"https:\/\/kaupunkisuunnitteluaktivismi.fi\/?page_id=84\">Ota yhteytt\u00e4!<\/a><\/div>\n<\/div>\n\n\n\n<div style=\"height:140px\" aria-hidden=\"true\" class=\"wp-block-spacer\"><\/div>\n<\/div><\/div>\n","protected":false},"excerpt":{"rendered":"<p>Tutkimme ja kehit\u00e4mme Case Kontulan ostari on kokeiluhanke, jossa kehitimme keinoja tavoittaa ja osallistaa ostarin erikielisi\u00e4 yritt\u00e4ji\u00e4 ostarin kehitt\u00e4miseen. Rakennamme siltaa Luomme yhteyksi\u00e4 paikallisten toimijoiden ja kaupunkisuunnittelun v\u00e4lille. Toimimme sillanrakentajina. Otamme kantaa Vaikutamme yhteiskunnallisesti ottamalla kantaa kansallisiin ja paikallisiin osallisuutta koskettaviin linjauksiin ja s\u00e4\u00e4ntelyyn.<\/p>\n","protected":false},"author":1,"featured_media":0,"parent":0,"menu_order":0,"comment_status":"closed","ping_status":"closed","template":"","meta":{"neve_meta_sidebar":"default","neve_meta_container":"default","neve_meta_enable_content_width":"on","neve_meta_content_width":100,"neve_meta_title_alignment":"","neve_meta_author_avatar":"","neve_post_elements_order":"","neve_meta_disable_header":"","neve_meta_disable_footer":"","neve_meta_disable_title":"on","neve_meta_reading_time":"","footnotes":""},"class_list":["post-62","page","type-page","status-publish","hentry"],"_links":{"self":[{"href":"https:\/\/kaupunkisuunnitteluaktivismi.fi\/index.php?rest_route=\/wp\/v2\/pages\/62","targetHints":{"allow":["GET"]}}],"collection":[{"href":"https:\/\/kaupunkisuunnitteluaktivismi.fi\/index.php?rest_route=\/wp\/v2\/pages"}],"about":[{"href":"https:\/\/kaupunkisuunnitteluaktivismi.fi\/index.php?rest_route=\/wp\/v2\/types\/page"}],"author":[{"embeddable":true,"href":"https:\/\/kaupunkisuunnitteluaktivismi.fi\/index.php?rest_route=\/wp\/v2\/users\/1"}],"replies":[{"embeddable":true,"href":"https:\/\/kaupunkisuunnitteluaktivismi.fi\/index.php?rest_route=%2Fwp%2Fv2%2Fcomments&post=62"}],"version-history":[{"count":16,"href":"https:\/\/kaupunkisuunnitteluaktivismi.fi\/index.php?rest_route=\/wp\/v2\/pages\/62\/revisions"}],"predecessor-version":[{"id":145,"href":"https:\/\/kaupunkisuunnitteluaktivismi.fi\/index.php?rest_route=\/wp\/v2\/pages\/62\/revisions\/145"}],"wp:attachment":[{"href":"https:\/\/kaupunkisuunnitteluaktivismi.fi\/index.php?rest_route=%2Fwp%2Fv2%2Fmedia&parent=62"}],"curies":[{"name":"wp","href":"https:\/\/api.w.org\/{rel}","templated":true}]}}